{"id":2051,"date":"2017-07-24T12:44:46","date_gmt":"2017-07-24T14:44:46","guid":{"rendered":"http:\/\/www.encontraermelinomatarazzo.com.br\/noticias\/?page_id=2051"},"modified":"2025-10-03T13:47:11","modified_gmt":"2025-10-03T15:47:11","slug":"sobre-ermelino-matarazzo","status":"publish","type":"page","link":"https:\/\/www.encontraermelinomatarazzo.com.br\/sobre\/","title":{"rendered":"Sobre Ermelino Matarazzo"},"content":{"rendered":"<div class=\"582a572a76647b318fccfc02422c37de\" data-index=\"1\" style=\"float: none; margin:0px;\">\n<!-- Anuncio display - global -->\r\n<ins class=\"adsbygoogle\"\r\n     style=\"display:block\"\r\n     data-ad-client=\"ca-pub-8585364105181520\"\r\n     data-ad-slot=\"8789329856\"\r\n     data-ad-format=\"auto\"\r\n     data-full-width-responsive=\"true\"><\/ins>\r\n<script>\r\n     (adsbygoogle = window.adsbygoogle || []).push({});\r\n<\/script>\n<\/div>\n<p><img loading=\"lazy\" decoding=\"async\" width=\"565\" height=\"198\" class=\"alignnone size-full wp-image-2052\" style=\"width: 100%; height: auto;\" src=\"http:\/\/www.encontraermelinomatarazzo.com.br\/noticias\/wp-content\/uploads\/2017\/07\/bairro-ermelino-matarazzo.jpg\" alt=\"\" srcset=\"https:\/\/www.encontraermelinomatarazzo.com.br\/sobre\/wp-content\/uploads\/2017\/07\/bairro-ermelino-matarazzo.jpg 565w, https:\/\/www.encontraermelinomatarazzo.com.br\/sobre\/wp-content\/uploads\/2017\/07\/bairro-ermelino-matarazzo-300x105.jpg 300w\" sizes=\"auto, (max-width: 565px) 100vw, 565px\" \/><\/p>\n<p><strong>Ermelino Matarazzo<\/strong> ( filho do conde Francisco Matarazzo ) \u00e9 um bairro situado na zona leste da cidade brasileira de S\u00e3o Paulo, capital do estado hom\u00f4nimo.<\/p>\n<p>\u00c9 cortado pela linha 12 da CPTM e possui duas esta\u00e7\u00f5es (USP Leste e Comendador Ermelino), abriga o Parque Ecol\u00f3gico do Tiet\u00ea, al\u00e9m de um campus da Universidade de S\u00e3o Paulo rec\u00e9m-constru\u00eddo. Faz divisa com o munic\u00edpio de <a href=\"http:\/\/www.encontraguarulhos.com.br\/\" target=\"_blank\" rel=\"noopener noreferrer\">Guarulhos<\/a> ao norte.<br \/>\nO bairro de Ermelino Matarazzo totaliza uma \u00e1rea de 8,70 km\u00b2 e integra em seu territ\u00f3rio a Macrozona de Prote\u00e7\u00e3o Ambiental e a Macrozona de Estrutura\u00e7\u00e3o e Qualifica\u00e7\u00e3o Urbana. Ainda dentro do territ\u00f3rio de Ermelino Matarazzo encontra-se a sub-bacia do c\u00f3rrego Mongagu\u00e1, da qual fazem parte os c\u00f3rregos Ponte Rasa, Franquinho e o pr\u00f3prio Mongagu\u00e1, que des\u00e1gua no Rio Tiet\u00ea.\u00a0Al\u00e9m de ficar h\u00e1 menos de 10 quilometros do <a href=\"https:\/\/www.ltaquerao.com\/\" target=\"_blank\" rel=\"noopener noreferrer\">Itaquer\u00e3o<\/a>.<\/p>\n<p><strong>Hist\u00f3rico da regi\u00e3o<\/strong><\/p>\n<p>A regi\u00e3o de <a href=\"\/\">Ermelino Matarazzo<\/a> come\u00e7ou a se desenvolver por volta de 1926, com a chegada da ferrovia e com a constru\u00e7\u00e3o da esta\u00e7\u00e3o ferrovi\u00e1ria Comendador Ermelino Matarazzo, na \u00e9poca correspondente ao desenvolvimento industrial de S\u00e3o Paulo. Tanto que as ind\u00fastrias Matarazzo e Cisper instalaram suas f\u00e1bricas no local. As \u00e1reas ao redor da esta\u00e7\u00e3o foram loteadas e transformadas em vilas (como o Jardim Berlim, atual Jardim Bel\u00e9m).<\/p>\n<p>No entanto, o processo de industrializa\u00e7\u00e3o n\u00e3o durou muito, devido ao fato de que as ind\u00fastrias passaram a preferir bairros pr\u00f3ximos \u00e0s rodovias, o que alterou radicalmente o perfil da regi\u00e3o. Por oferecer terrenos mais baratos, e sem infra-estrutura, passou a receber uma grande massa de trabalhadores, principalmente de origem nordestina, e logo transformou-se em um bairro predominantemente residencial. Posteriormente, com a constru\u00e7\u00e3o da Rodovia dos Trabalhadores, atual Rodovia Ayrton Senna, e com a proximidade do Aeroporto Internacional de Cumbica, o bairro voltou a receber ind\u00fastrias, sobretudo qu\u00edmicas, que continuam funcionando na regi\u00e3o. No entanto, segue aumentando o numero de estabelecimentos comerciais e de servi\u00e7o, refletindo a tend\u00eancia \u00e0 terceiriza\u00e7\u00e3o que ocorre por toda a cidade.<\/p>\n<p>Em 1970 passou a contar com 200 telefones autom\u00e1ticos, implantados pela antiga Companhia Telef\u00f4nica Brasileira &#8211; CTB, que utilizavam o milhar &#8216;4&#8217; do prefixo 297. Alguns &#8216;cortes de \u00e1rea&#8217; ocorreram a partir de 1980, como a constru\u00e7\u00e3o de novo centro de fios denominado Vila Uni\u00e3o, em \u00e1reas pr\u00f3ximas a Itaquera. Atualmente, aproximadamente 80.000 terminais est\u00e3o instalados no centro telef\u00f4nico de Ermelino Matarazzo.<\/p>\n<p><strong>Aspectos econ\u00f4micos<\/strong><\/p>\n<p>De acordo com informa\u00e7\u00f5es do censo demogr\u00e1fico de 2000, o <a href=\"\/\">Bairro Ermelino Matarazzo<\/a> possui 106.838 habitantes, e atualmente apresenta redu\u00e7\u00e3o da taxa de crescimento. 66% da PEA possui rendimentos m\u00e9dios e baixos, e 97,3% dessas pessoas trabalham fora do bairro. Tamb\u00e9m merece o fato de que 26,6% das fam\u00edlias s\u00e3o chefiadas por mulheres, um \u00edndice que vem aumentando a cada ano.<br \/>\nPredominam como atividade econ\u00f4mica da regi\u00e3o o com\u00e9rcio e os servi\u00e7os, concentrados sobretudo nas avenidas S\u00e3o Miguel, Boturussu, Paranagu\u00e1 e Olavo Eg\u00eddio de Sousa Aranha, e na rua Prof. Ant\u00f4nio de Castro Lopes, entre outras.<\/p>\n<p><strong>Problem\u00e1tica da regi\u00e3o<\/strong><\/p>\n<p>O bairro de <a href=\"\/\">Ermelino Matarazzo<\/a> caracteriza-se por uma regi\u00e3o relativamente carente da cidade (embora com IDH considerado elevado, acima de 0,800), mas com grande potencial de crescimento, principalmente devido \u00e0 instala\u00e7\u00e3o recente do campus Leste da Universidade de S\u00e3o Paulo (USP Leste) e com a proximidade do Aeroporto Internacional de Cumbica.<\/p>\n<p>A principal car\u00eancia da regi\u00e3o \u00e9 a de empregos, 97% da popula\u00e7\u00e3o n\u00e3o trabalha no bairro, o que faz com que haja grande necessidade de locomo\u00e7\u00e3o por parte desses trabalhadores, e d\u00eaem ao bairro o aspecto de &#8220;bairro-dormit\u00f3rio&#8221;.<\/p>\n<p>Em termos de educa\u00e7\u00e3o, as maiores necessidades s\u00e3o a de creches e de escolas de ensino m\u00e9dio, cuja demanda pode chegar \u00e0 6000 vagas.<\/p>\n<p>Em termos de sa\u00fade, embora a rede prim\u00e1ria esteja em n\u00famero suficiente, a populac\u00e3o reivindica cobertura de especialidades como odontologia, psiquiatria, fonoaudiologia, entre outros. Tamb\u00e9m se faz necess\u00e1ria a amplia\u00e7\u00e3o do Hospital Ermelino Matarazzo, pois o mesmo atualmente atende grande parte da demanda da Zona Leste.<\/p>\n<p>Quanto ao saneamento b\u00e1sico, 99,7% dos domic\u00edlios s\u00e3o conectados \u00e0 rede p\u00fablica de abastecimento de \u00e1gua. Quanto \u00e0 rede de esgoto, apesar de cerca de 90% dos domic\u00edlios estarem conectados, somente 26% recebe tratamento. O restante \u00e9 lan\u00e7ado nos c\u00f3rregos da regi\u00e3o, sobretudo nas \u00e1reas do Jardim Keralux, na Favela Mungo Parke no C\u00f3rrego Ponte Rasa. Deve se considerar ainda que muitas das ocupa\u00e7\u00f5es ilegais da regi\u00e3o est\u00e3o sobre \u00e1reas non aedificandi, que necessitariam ser removidas a fim de n\u00e3o prejudicar o sistema h\u00eddrico.<\/p>\n<p>Outros pontos a serem observados incluem um aumento das conex\u00f5es entre o bairro e o Parque Ecol\u00f3gico do Tiet\u00ea e a instala\u00e7\u00e3o de transporte p\u00fablico que fa\u00e7a a conex\u00e3o direta entre esse bairro e o bairro Ponte Rasa.<\/p>\n<p>Apesar de todos os problemas, um aspecto da regi\u00e3o que pode ser exaltado se refere ao movimento cultural intenso. V\u00e1rios grupos civis, formais e informais, se organizam no bairro a fim de suprirem a car\u00eancia da popula\u00e7\u00e3o com rela\u00e7\u00e3o ao conte\u00fado cultural e art\u00edstico, que muitas vezes se concentram no centro da cidade. Grupos como Periferia Invis\u00edvel , Tenda Liter\u00e1ria, Os Mesquiteiros, Grupo do Balaio, N\u00facleo Fil\u00f3, entre outros, tem promovido uma articula\u00e7\u00e3o cultural no bairro h\u00e1 alguns anos, transformando o bairro em um grande centro de cultura, com enorme potencial de crescimento.<\/p>\n<p>Para homenagear a comunidade de moradores deste maravilho bairro, o <a href=\"https:\/\/www.encontrasaopaulo.com.br\/\" target=\"_blank\" rel=\"noopener noreferrer\">Encontra S\u00e3o Paulo<\/a> criou o <a href=\"http:\/\/www.encontraermelinomatarazzo.com.br\">Encontra Ermelino Matarazzo<\/a><\/p>\n<h2>Limites &#8211; Bairros Vizinhos &#8211; <a href=\"http:\/\/www.zonalestedesp.com.br\/\" target=\"_blank\" rel=\"noopener noreferrer\">Zona Leste<\/a><\/h2>\n<p><a title=\"Canga\u00edba\" href=\"http:\/\/www.encontracangaiba.com.br\/\" target=\"_blank\" rel=\"noopener noreferrer\">Canga\u00edba<\/a>,\u00a0<a title=\"Penha\" href=\"http:\/\/www.encontrapenha.com.br\/\" target=\"_blank\" rel=\"noopener noreferrer\">Penha<\/a>,\u00a0<a title=\"Itaquera\" href=\"http:\/\/www.encontraitaquera.com.br\/\" target=\"_blank\" rel=\"noopener noreferrer\">Itaquera<\/a>,\u00a0<a title=\"S\u00e3o Miguel Paulista\" href=\"http:\/\/www.encontrasaomiguel.com.br\/\" target=\"_blank\" rel=\"noopener noreferrer\">S\u00e3o Miguel Paulista<\/a>,\u00a0<a title=\"Guarulhos\" href=\"http:\/\/www.encontraguarulhos.com.br\/\" target=\"_blank\" rel=\"noopener noreferrer\">Cidade de Guarulhos<\/a><\/p>\n<h3>Dados Principais sobre o Ermelino Matarazzo<\/h3>\n<p><strong>Popula\u00e7\u00e3o<\/strong> 116.632 hab. (2010)<br \/>\n<strong>Renda m\u00e9dia<\/strong> R$ 822,70<br \/>\n<strong>IDH<\/strong> 0,801 &#8211; medio<br \/>\n<strong>Subprefeitura<\/strong> Ermelino Matarazzo<br \/>\n<strong>Regi\u00e3o Administrativa<\/strong> Leste 1<br \/>\n<strong>\u00c1rea Geogr\u00e1fica<\/strong> 3<\/p>\n<h2>Moradores ilustres de Ermelino Matarazzo<\/h2>\n<p><iframe loading=\"lazy\" style=\"border: none; overflow: hidden; width: 100%; height: 252px;\" src=\"http:\/\/www.facebook.com\/plugins\/likebox.php?href=http%3A%2F%2Fwww.facebook.com%2Fermelinomatarazzo&amp;width=520&amp;colorscheme=light&amp;show_faces=true&amp;stream=false&amp;header=false&amp;height=252\" width=\"300\" height=\"150\" frameborder=\"0\" scrolling=\"No\"><\/iframe><\/p>\n\n<div style=\"font-size: 0px; height: 0px; line-height: 0px; margin: 0; padding: 0; clear: both;\"><\/div>","protected":false},"excerpt":{"rendered":"<p>Ermelino Matarazzo ( filho do conde Francisco Matarazzo ) \u00e9 um bairro situado na zona leste da cidade brasileira de S\u00e3o Paulo, capital do estado hom\u00f4nimo. \u00c9 cortado pela linha 12 da CPTM e possui duas esta\u00e7\u00f5es (USP Leste e Comendador Ermelino), abriga o Parque Ecol\u00f3gico do Tiet\u00ea, al\u00e9m de um campus da Universidade de S\u00e3o Paulo rec\u00e9m-constru\u00eddo. Faz divisa com o munic\u00edpio de Guarulhos ao norte. O bairro de Ermelino Matarazzo totaliza uma \u00e1rea de 8,70 km\u00b2 e integra em seu territ\u00f3rio a Macrozona de Prote\u00e7\u00e3o Ambiental e a Macrozona de Estrutura\u00e7\u00e3o e Qualifica\u00e7\u00e3o Urbana. Ainda dentro do territ\u00f3rio <\/p>\n","protected":false},"author":1,"featured_media":0,"parent":0,"menu_order":0,"comment_status":"closed","ping_status":"closed","template":"","meta":{"footnotes":""},"class_list":["post-2051","page","type-page","status-publish","hentry"],"aioseo_notices":[],"_links":{"self":[{"href":"https:\/\/www.encontraermelinomatarazzo.com.br\/sobre\/wp-json\/wp\/v2\/pages\/2051","targetHints":{"allow":["GET"]}}],"collection":[{"href":"https:\/\/www.encontraermelinomatarazzo.com.br\/sobre\/wp-json\/wp\/v2\/pages"}],"about":[{"href":"https:\/\/www.encontraermelinomatarazzo.com.br\/sobre\/wp-json\/wp\/v2\/types\/page"}],"author":[{"embeddable":true,"href":"https:\/\/www.encontraermelinomatarazzo.com.br\/sobre\/wp-json\/wp\/v2\/users\/1"}],"replies":[{"embeddable":true,"href":"https:\/\/www.encontraermelinomatarazzo.com.br\/sobre\/wp-json\/wp\/v2\/comments?post=2051"}],"version-history":[{"count":0,"href":"https:\/\/www.encontraermelinomatarazzo.com.br\/sobre\/wp-json\/wp\/v2\/pages\/2051\/revisions"}],"wp:attachment":[{"href":"https:\/\/www.encontraermelinomatarazzo.com.br\/sobre\/wp-json\/wp\/v2\/media?parent=2051"}],"curies":[{"name":"wp","href":"https:\/\/api.w.org\/{rel}","templated":true}]}}